{"id":311,"date":"2020-05-19T13:02:13","date_gmt":"2020-05-19T11:02:13","guid":{"rendered":"https:\/\/www.canmoradedalt.com\/contacto\/"},"modified":"2025-11-10T11:13:33","modified_gmt":"2025-11-10T10:13:33","slug":"contacto","status":"publish","type":"page","link":"https:\/\/www.canmoradedalt.com\/en\/contacto\/","title":{"rendered":"Contact"},"content":{"rendered":"<div class=\"wpb-content-wrapper\"><p>[vc_row][vc_column width=&#8221;1\/2&#8243;][vc_custom_heading text=&#8221;Contact form&#8221; font_container=&#8221;tag:h2|text_align:left|color:%23bebfa8&#8243; use_theme_fonts=&#8221;yes&#8221;][vc_empty_space]\n<div class=\"wpcf7 no-js\" id=\"wpcf7-f424-o1\" lang=\"es-ES\" dir=\"ltr\" data-wpcf7-id=\"424\">\n<div class=\"screen-reader-response\"><p role=\"status\" aria-live=\"polite\" aria-atomic=\"true\"><\/p> <ul><\/ul><\/div>\n<form action=\"\/en\/wp-json\/wp\/v2\/pages\/311#wpcf7-f424-o1\" method=\"post\" class=\"wpcf7-form init\" aria-label=\"Formulario de contacto\" novalidate=\"novalidate\" data-status=\"init\">\n<div style=\"display: none;\">\n<input type=\"hidden\" name=\"_wpcf7\" value=\"424\" \/>\n<input type=\"hidden\" name=\"_wpcf7_version\" value=\"6.0.6\" \/>\n<input type=\"hidden\" name=\"_wpcf7_locale\" value=\"es_ES\" \/>\n<input type=\"hidden\" name=\"_wpcf7_unit_tag\" value=\"wpcf7-f424-o1\" \/>\n<input type=\"hidden\" name=\"_wpcf7_container_post\" value=\"0\" \/>\n<input type=\"hidden\" name=\"_wpcf7_posted_data_hash\" value=\"\" \/>\n<\/div>\n<p><label> Name and Surname (*)<br \/>\n<span class=\"wpcf7-form-control-wrap\" data-name=\"your-name\"><input size=\"40\" maxlength=\"400\" class=\"wpcf7-form-control wpcf7-text wpcf7-validates-as-required\" aria-required=\"true\" aria-invalid=\"false\" value=\"\" type=\"text\" name=\"your-name\" \/><\/span> <\/label>\n<\/p>\n<p><label> Email (*)<br \/>\n<span class=\"wpcf7-form-control-wrap\" data-name=\"your-email\"><input size=\"40\" maxlength=\"400\" class=\"wpcf7-form-control wpcf7-email wpcf7-validates-as-required wpcf7-text wpcf7-validates-as-email\" aria-required=\"true\" aria-invalid=\"false\" value=\"\" type=\"email\" name=\"your-email\" \/><\/span> <\/label>\n<\/p>\n<p><label> Subject<br \/>\n<span class=\"wpcf7-form-control-wrap\" data-name=\"your-subject\"><input size=\"40\" maxlength=\"400\" class=\"wpcf7-form-control wpcf7-text\" aria-invalid=\"false\" value=\"\" type=\"text\" name=\"your-subject\" \/><\/span> <\/label>\n<\/p>\n<p><label> Message<br \/>\n<span class=\"wpcf7-form-control-wrap\" data-name=\"your-message\"><textarea cols=\"40\" rows=\"10\" maxlength=\"2000\" class=\"wpcf7-form-control wpcf7-textarea\" aria-invalid=\"false\" name=\"your-message\"><\/textarea><\/span> <\/label>\n<\/p>\n<p><input class=\"wpcf7-form-control wpcf7-submit has-spinner\" type=\"submit\" value=\"Send\" \/>\n<\/p><div class=\"wpcf7-response-output\" aria-hidden=\"true\"><\/div>\n<\/form>\n<\/div>\n[\/vc_column][vc_column width=&#8221;1\/2&#8243;][vc_custom_heading text=&#8221;Reception opening hours&#8221; font_container=&#8221;tag:h2|text_align:left|color:%23bebfa8&#8243; use_theme_fonts=&#8221;yes&#8221;][vc_empty_space][vc_column_text]From January to June and from September to December\u00a0 from 9 a.m. to 5 p.m.<\/p>\n<p>In July and August from 9 a.m. to 9 p.m.<\/p>\n<p><strong>Check-in: from 2 p.m.<br \/>\n<\/strong><strong>Guests must check out before 12 p.m.<\/strong><\/p>\n<ul>\n<li>We accept credit and debit cards<\/li>\n<li>No pets allowed<\/li>\n<li>Smoking is not permitted inside the hotel<\/li>\n<\/ul>\n<p>&#8211; Hotel facilities and the pool are exclusively available to guests.<br \/>\n&#8211; Should you be interested in booking a room for wedding preparations (make-up, hairdressing, shooting \u2026) check special conditions with the property[\/vc_column_text][\/vc_column][\/vc_row][vc_row full_width=&#8221;stretch_row_content_no_spaces&#8221; css=&#8221;.vc_custom_1589888669685{margin-top: 50px !important;padding-top: 30px !important;padding-bottom: 30px !important;background-color: #eaeaea !important;}&#8221;][vc_column width=&#8221;1\/3&#8243;]\n        <div class=\"row\">\n            <div class=\"col-md-12\">\n                <div class=\"icon-text-cta\">\n                    <img decoding=\"async\" alt=\"info@canmoradedalt.com\" src=\"https:\/\/www.canmoradedalt.com\/wp-content\/uploads\/2020\/05\/185078-128.png\" \/>\n                    <h4 class=\"title-cta\">info@canmoradedalt.com<\/h4>\n                    <div class=\"subtitle-cta\"><\/div>\n                    \n                <\/div>\n            <\/div>\n        <\/div>\n        [\/vc_column][vc_column width=&#8221;1\/3&#8243;]\n        <div class=\"row\">\n            <div class=\"col-md-12\">\n                <div class=\"icon-text-cta\">\n                    <img decoding=\"async\" alt=\"D\u00f3nde estamos\" src=\"https:\/\/www.canmoradedalt.com\/wp-content\/uploads\/2020\/05\/185040-128.png\" \/>\n                    <h4 class=\"title-cta\">D\u00f3nde estamos<\/h4>\n                    <div class=\"subtitle-cta\">Raval de Font mitjana 3 (cam\u00ed de Can Mora)<br \/>\n08394 Sant Vicen\u00e7 de Montalt | Barcelona<\/p>\n<p>GPS: 41 34\u2019 56, 11 2 30\u2032 18,97<\/div>\n                    \n                <\/div>\n            <\/div>\n        <\/div>\n        [\/vc_column][vc_column width=&#8221;1\/3&#8243;]\n        <div class=\"row\">\n            <div class=\"col-md-12\">\n                <div class=\"icon-text-cta\">\n                    <img alt=\"(0034) 937 910 570 <br \/> (0034) 618 879 880\" src=\"https:\/\/www.canmoradedalt.com\/wp-content\/uploads\/2020\/05\/185028-128.png\" \/>\n                    <h4 class=\"title-cta\">(0034) 937 910 570 <br \/> (0034) 618 879 880<\/h4>\n                    <div class=\"subtitle-cta\"><\/div>\n                    \n                <\/div>\n            <\/div>\n        <\/div>\n        [\/vc_column][\/vc_row][vc_row][vc_column][vc_empty_space][\/vc_column][\/vc_row][vc_row][vc_column][vc_raw_html]JTNDaWZyYW1lJTIwc3JjJTNEJTIyaHR0cHMlM0ElMkYlMkZ3d3cuZ29vZ2xlLmNvbSUyRm1hcHMlMkZlbWJlZCUzRnBiJTNEJTIxMW0xOCUyMTFtMTIlMjExbTMlMjExZDI5ODQuMzkzMjgwNjg5MzA3JTIxMmQyLjUwMzYzNzMxNTc5ODE0MTMlMjEzZDQxLjU4MjM3Mzk3OTI0NjkzJTIxMm0zJTIxMWYwJTIxMmYwJTIxM2YwJTIxM20yJTIxMWkxMDI0JTIxMmk3NjglMjE0ZjEzLjElMjEzbTMlMjExbTIlMjExczB4MTJiYjM1ODQ5MTUwNjk5MSUyNTNBMHhhZDVkMjJhNzRlNjFmOTIzJTIxMnNIb3RlbCUyNTIwQ2FuJTI1MjBNb3JhJTI1MjBkZSUyNTIwRGFsdCUyMTVlMCUyMTNtMiUyMTFzZXMlMjEyc2VzJTIxNHYxNTg5ODg5MTI3NzQyJTIxNW0yJTIxMXNlcyUyMTJzZXMlMjIlMjB3aWR0aCUzRCUyMjEwMCUyNSUyMiUyMGhlaWdodCUzRCUyMjI1MCUyMiUyMGZyYW1lYm9yZGVyJTNEJTIyMCUyMiUyMHN0eWxlJTNEJTIyYm9yZGVyJTNBMCUzQiUyMiUyMGFsbG93ZnVsbHNjcmVlbiUzRCUyMiUyMiUyMGFyaWEtaGlkZGVuJTNEJTIyZmFsc2UlMjIlMjB0YWJpbmRleCUzRCUyMjAlMjIlM0UlM0MlMkZpZnJhbWUlM0U=[\/vc_raw_html][vc_column_text]<strong>From Barcelona<\/strong> take the Maresme motorway, the C-32. Once you have passed Matar\u00f3, take the third exit, no. 108, marked Sant Vicen\u00e7 de Montalt. You can also reach us via the Nacional II (N-II) and the BV-5031.<\/p>\n<p><strong>From Girona or France<\/strong>\u00a0(AP-7 motorway) take the exit marked C-60 Matar\u00f3 and continue along the La Roca motorway, the C-60, in the direction of Matar\u00f3, and then Girona. From there take the C-32 and exit 108, which leads to Sant Vicen\u00e7 de Montalt.[\/vc_column_text][\/vc_column][\/vc_row][vc_row][vc_column][vc_empty_space][\/vc_column][\/vc_row]<\/p>\n<\/div>","protected":false},"excerpt":{"rendered":"<p>[vc_row][vc_column width=&#8221;1\/2&#8243;][vc_custom_heading text=&#8221;Contact form&#8221; font_container=&#8221;tag:h2|text_align:left|color:%23bebfa8&#8243; use_theme_fonts=&#8221;yes&#8221;][vc_empty_space][\/vc_column][vc_column width=&#8221;1\/2&#8243;][vc_custom_heading text=&#8221;Reception opening hours&#8221; font_container=&#8221;tag:h2|text_align:left|color:%23bebfa8&#8243; use_theme_fonts=&#8221;yes&#8221;][vc_empty_space][vc_column_text]From January to June and from September to December\u00a0 from 9 a.m. to 5 p.m. In July and August from 9 a.m. to 9 p.m. Check-in: from 2 p.m. Guests must check out before 12 p.m. We accept credit and debit cards No pets &hellip; <a href=\"https:\/\/www.canmoradedalt.com\/en\/contacto\/\" class=\"more-link\">Continue reading<span class=\"screen-reader-text\"> &#8220;Contact&#8221;<\/span><\/a><\/p>\n","protected":false},"author":1,"featured_media":312,"parent":0,"menu_order":0,"comment_status":"closed","ping_status":"closed","template":"","meta":{"footnotes":""},"class_list":["post-311","page","type-page","status-publish","has-post-thumbnail","hentry"],"_links":{"self":[{"href":"https:\/\/www.canmoradedalt.com\/en\/wp-json\/wp\/v2\/pages\/311","targetHints":{"allow":["GET"]}}],"collection":[{"href":"https:\/\/www.canmoradedalt.com\/en\/wp-json\/wp\/v2\/pages"}],"about":[{"href":"https:\/\/www.canmoradedalt.com\/en\/wp-json\/wp\/v2\/types\/page"}],"author":[{"embeddable":true,"href":"https:\/\/www.canmoradedalt.com\/en\/wp-json\/wp\/v2\/users\/1"}],"replies":[{"embeddable":true,"href":"https:\/\/www.canmoradedalt.com\/en\/wp-json\/wp\/v2\/comments?post=311"}],"version-history":[{"count":6,"href":"https:\/\/www.canmoradedalt.com\/en\/wp-json\/wp\/v2\/pages\/311\/revisions"}],"predecessor-version":[{"id":1047,"href":"https:\/\/www.canmoradedalt.com\/en\/wp-json\/wp\/v2\/pages\/311\/revisions\/1047"}],"wp:featuredmedia":[{"embeddable":true,"href":"https:\/\/www.canmoradedalt.com\/en\/wp-json\/wp\/v2\/media\/312"}],"wp:attachment":[{"href":"https:\/\/www.canmoradedalt.com\/en\/wp-json\/wp\/v2\/media?parent=311"}],"curies":[{"name":"wp","href":"https:\/\/api.w.org\/{rel}","templated":true}]}}