{"id":408,"date":"2020-05-19T17:45:06","date_gmt":"2020-05-19T15:45:06","guid":{"rendered":"https:\/\/www.canmoradedalt.com\/habitacions\/dobles-torreon\/"},"modified":"2023-08-03T18:39:20","modified_gmt":"2023-08-03T16:39:20","slug":"dobles-torrassa","status":"publish","type":"page","link":"https:\/\/www.canmoradedalt.com\/ca\/habitacions\/dobles-torrassa\/","title":{"rendered":"Dobles torrassa"},"content":{"rendered":"<div class=\"wpb-content-wrapper\"><p>[vc_row equal_height=&#8221;yes&#8221; content_placement=&#8221;middle&#8221;][vc_column width=&#8221;2\/3&#8243;][vc_single_image image=&#8221;186&#8243; img_size=&#8221;full&#8221;][vc_column_text]<\/p>\n<h3>TRES DOBLES TORRASSA<\/h3>\n<p>Ubicades a la torrassa de la masia, tenen unes dimensions m\u00e9s redu\u00efdes i vistes al jard\u00ed, al mar i al poble. Una d\u2019elles (l\u201911), al tercer pis, est\u00e0 situada sota teulada i conserva les parets de pedra i les espieres de defensa de la torre original. Totes s\u00f3n molt acollidores i estan equipades amb televisi\u00f3, Internet, caixa forta, minibar i assecador de cabells. Aire condicionat. Bany complet equipat amb dutxa.[\/vc_column_text][\/vc_column][vc_column width=&#8221;1\/3&#8243; css=&#8221;.vc_custom_1589902216156{background-color: #f3e3d3 !important;}&#8221;]\n        <div class=\"row\">\n            <div class=\"col-md-12 custom-header\">\n                <h3>Reserva Online<\/h3>\n                <h4>Des de 145\u20ac<\/h4>\n                \n            <\/div>\n            <div class=\"vertical-line\"><\/div>\n        <\/div>\n        [vc_empty_space][vc_btn title=&#8221;RESERVAR&#8221; style=&#8221;outline-custom&#8221; outline_custom_color=&#8221;#435654&#8243; outline_custom_hover_background=&#8221;#435654&#8243; outline_custom_hover_text=&#8221;#e1e1c6&#8243; shape=&#8221;square&#8221; size=&#8221;lg&#8221; align=&#8221;center&#8221; i_type=&#8221;openiconic&#8221; i_icon_openiconic=&#8221;vc-oi vc-oi-calendar&#8221; add_icon=&#8221;true&#8221; link=&#8221;url:https%3A%2F%2Fbooking.hotelgest.com%2Fv3%2F%3Fpcode%3D231%26lang%3Dca||target:%20_blank|&#8221;][\/vc_column][\/vc_row][vc_row][vc_column][vc_empty_space]\n        <div class=\"row\">\n            <div class=\"col-md-12 custom-header\">\n                <h3>Galeria<\/h3>\n                <h4><\/h4>\n                \n            <\/div>\n            <div class=\"vertical-line\"><\/div>\n        <\/div>\n        [vc_empty_space][vc_media_grid grid_id=&#8221;vc_gid:1691080740056-0ec934ab-d94a-3&#8243; include=&#8221;186,185&#8243;][vc_empty_space][\/vc_column][\/vc_row]<\/p>\n<\/div>","protected":false},"excerpt":{"rendered":"<p>[vc_row equal_height=&#8221;yes&#8221; content_placement=&#8221;middle&#8221;][vc_column width=&#8221;2\/3&#8243;][vc_single_image image=&#8221;186&#8243; img_size=&#8221;full&#8221;][vc_column_text] TRES DOBLES TORRASSA Ubicades a la torrassa de la masia, tenen unes dimensions m\u00e9s redu\u00efdes i vistes al jard\u00ed, al mar i al poble. Una d\u2019elles (l\u201911), al tercer pis, est\u00e0 situada sota teulada i conserva les parets de pedra i les espieres de defensa de la torre original. &hellip; <a href=\"https:\/\/www.canmoradedalt.com\/ca\/habitacions\/dobles-torrassa\/\" class=\"more-link\">Continua llegint <span class=\"screen-reader-text\">\u00abDobles torrassa\u00bb<\/span><\/a><\/p>\n","protected":false},"author":1,"featured_media":298,"parent":373,"menu_order":0,"comment_status":"closed","ping_status":"closed","template":"","meta":{"footnotes":""},"class_list":["post-408","page","type-page","status-publish","has-post-thumbnail","hentry"],"_links":{"self":[{"href":"https:\/\/www.canmoradedalt.com\/ca\/wp-json\/wp\/v2\/pages\/408","targetHints":{"allow":["GET"]}}],"collection":[{"href":"https:\/\/www.canmoradedalt.com\/ca\/wp-json\/wp\/v2\/pages"}],"about":[{"href":"https:\/\/www.canmoradedalt.com\/ca\/wp-json\/wp\/v2\/types\/page"}],"author":[{"embeddable":true,"href":"https:\/\/www.canmoradedalt.com\/ca\/wp-json\/wp\/v2\/users\/1"}],"replies":[{"embeddable":true,"href":"https:\/\/www.canmoradedalt.com\/ca\/wp-json\/wp\/v2\/comments?post=408"}],"version-history":[{"count":4,"href":"https:\/\/www.canmoradedalt.com\/ca\/wp-json\/wp\/v2\/pages\/408\/revisions"}],"predecessor-version":[{"id":823,"href":"https:\/\/www.canmoradedalt.com\/ca\/wp-json\/wp\/v2\/pages\/408\/revisions\/823"}],"up":[{"embeddable":true,"href":"https:\/\/www.canmoradedalt.com\/ca\/wp-json\/wp\/v2\/pages\/373"}],"wp:featuredmedia":[{"embeddable":true,"href":"https:\/\/www.canmoradedalt.com\/ca\/wp-json\/wp\/v2\/media\/298"}],"wp:attachment":[{"href":"https:\/\/www.canmoradedalt.com\/ca\/wp-json\/wp\/v2\/media?parent=408"}],"curies":[{"name":"wp","href":"https:\/\/api.w.org\/{rel}","templated":true}]}}