{"id":398,"date":"2020-05-21T09:42:07","date_gmt":"2020-05-21T07:42:07","guid":{"rendered":"https:\/\/www.canmoradedalt.com\/habitacions\/suite-5\/"},"modified":"2023-08-10T12:25:10","modified_gmt":"2023-08-10T10:25:10","slug":"suite-5","status":"publish","type":"page","link":"https:\/\/www.canmoradedalt.com\/ca\/habitacions\/suite-5\/","title":{"rendered":"Suite 5"},"content":{"rendered":"<div class=\"wpb-content-wrapper\"><p>[vc_row equal_height=&#8221;yes&#8221; content_placement=&#8221;middle&#8221;][vc_column width=&#8221;2\/3&#8243;][vc_single_image image=&#8221;249&#8243; img_size=&#8221;full&#8221;][vc_column_text]<\/p>\n<h3>SUITE 5<\/h3>\n<p>Al segon pis, la suite n\u00famero 5 conserva l\u2019encant de les bigues de fusta del sostre original. \u00c9s una habitaci\u00f3 molt \u00e0mplia i fins i tot disposa d\u2019una sala d\u2019estar independent des d\u2019on poder descansar com a casa i contemplar el mar a trav\u00e9s dels finestrals. Aire condicionat. Bany complet equipat amb dutxa. Equipades amb televisi\u00f3, WiFI, caixa forta, mini bar i assecador de cabells.[\/vc_column_text][\/vc_column][vc_column width=&#8221;1\/3&#8243; css=&#8221;.vc_custom_1589902216156{background-color: #f3e3d3 !important;}&#8221;]\n        <div class=\"row\">\n            <div class=\"col-md-12 custom-header\">\n                <h3>Reserva Online<\/h3>\n                <h4>Des de 225\u20ac<\/h4>\n                \n            <\/div>\n            <div class=\"vertical-line\"><\/div>\n        <\/div>\n        [vc_empty_space][vc_btn title=&#8221;RESERVAR&#8221; style=&#8221;outline-custom&#8221; outline_custom_color=&#8221;#435654&#8243; outline_custom_hover_background=&#8221;#435654&#8243; outline_custom_hover_text=&#8221;#e1e1c6&#8243; shape=&#8221;square&#8221; size=&#8221;lg&#8221; align=&#8221;center&#8221; i_type=&#8221;openiconic&#8221; i_icon_openiconic=&#8221;vc-oi vc-oi-calendar&#8221; add_icon=&#8221;true&#8221; link=&#8221;url:https%3A%2F%2Fbooking.hotelgest.com%2Fv3%2F%3Fpcode%3D231%26lang%3Dca||target:%20_blank|&#8221;][\/vc_column][\/vc_row][vc_row][vc_column][vc_empty_space]\n        <div class=\"row\">\n            <div class=\"col-md-12 custom-header\">\n                <h3>Galeria<\/h3>\n                <h4><\/h4>\n                \n            <\/div>\n            <div class=\"vertical-line\"><\/div>\n        <\/div>\n        [vc_empty_space][vc_media_grid grid_id=&#8221;vc_gid:1691663084690-202d22cc-1d26-2&#8243; include=&#8221;222,225,228&#8243;][vc_empty_space][\/vc_column][\/vc_row]<\/p>\n<\/div>","protected":false},"excerpt":{"rendered":"<p>[vc_row equal_height=&#8221;yes&#8221; content_placement=&#8221;middle&#8221;][vc_column width=&#8221;2\/3&#8243;][vc_single_image image=&#8221;249&#8243; img_size=&#8221;full&#8221;][vc_column_text] SUITE 5 Al segon pis, la suite n\u00famero 5 conserva l\u2019encant de les bigues de fusta del sostre original. \u00c9s una habitaci\u00f3 molt \u00e0mplia i fins i tot disposa d\u2019una sala d\u2019estar independent des d\u2019on poder descansar com a casa i contemplar el mar a trav\u00e9s dels finestrals. Aire &hellip; <a href=\"https:\/\/www.canmoradedalt.com\/ca\/habitacions\/suite-5\/\" class=\"more-link\">Continua llegint <span class=\"screen-reader-text\">\u00abSuite 5\u00bb<\/span><\/a><\/p>\n","protected":false},"author":1,"featured_media":247,"parent":373,"menu_order":0,"comment_status":"closed","ping_status":"closed","template":"","meta":{"footnotes":""},"class_list":["post-398","page","type-page","status-publish","has-post-thumbnail","hentry"],"_links":{"self":[{"href":"https:\/\/www.canmoradedalt.com\/ca\/wp-json\/wp\/v2\/pages\/398","targetHints":{"allow":["GET"]}}],"collection":[{"href":"https:\/\/www.canmoradedalt.com\/ca\/wp-json\/wp\/v2\/pages"}],"about":[{"href":"https:\/\/www.canmoradedalt.com\/ca\/wp-json\/wp\/v2\/types\/page"}],"author":[{"embeddable":true,"href":"https:\/\/www.canmoradedalt.com\/ca\/wp-json\/wp\/v2\/users\/1"}],"replies":[{"embeddable":true,"href":"https:\/\/www.canmoradedalt.com\/ca\/wp-json\/wp\/v2\/comments?post=398"}],"version-history":[{"count":4,"href":"https:\/\/www.canmoradedalt.com\/ca\/wp-json\/wp\/v2\/pages\/398\/revisions"}],"predecessor-version":[{"id":837,"href":"https:\/\/www.canmoradedalt.com\/ca\/wp-json\/wp\/v2\/pages\/398\/revisions\/837"}],"up":[{"embeddable":true,"href":"https:\/\/www.canmoradedalt.com\/ca\/wp-json\/wp\/v2\/pages\/373"}],"wp:featuredmedia":[{"embeddable":true,"href":"https:\/\/www.canmoradedalt.com\/ca\/wp-json\/wp\/v2\/media\/247"}],"wp:attachment":[{"href":"https:\/\/www.canmoradedalt.com\/ca\/wp-json\/wp\/v2\/media?parent=398"}],"curies":[{"name":"wp","href":"https:\/\/api.w.org\/{rel}","templated":true}]}}