{"id":394,"date":"2020-05-21T09:40:21","date_gmt":"2020-05-21T07:40:21","guid":{"rendered":"https:\/\/www.canmoradedalt.com\/habitacions\/suite-4\/"},"modified":"2023-08-10T12:25:19","modified_gmt":"2023-08-10T10:25:19","slug":"suite-4","status":"publish","type":"page","link":"https:\/\/www.canmoradedalt.com\/ca\/habitacions\/suite-4\/","title":{"rendered":"Suite 4"},"content":{"rendered":"<div class=\"wpb-content-wrapper\"><p>[vc_row equal_height=&#8221;yes&#8221; content_placement=&#8221;middle&#8221;][vc_column width=&#8221;2\/3&#8243;][vc_single_image image=&#8221;216&#8243; img_size=&#8221;full&#8221;][vc_column_text]<\/p>\n<h3>SUITE 4<\/h3>\n<p>Al segon pis, la suite n\u00famero 4 conserva l\u2019encant de les bigues de fusta del sostre original. \u00c9s una suite pensada per als que viatgen amb nens, ja que disposa de dos llits extres. \u00c9s una habitaci\u00f3 \u00e0mplia, confortable i amb vistes al mar. Aire condicionat. Bany complet equipat amb dutxa. Equipades amb televisi\u00f3, WiFI, caixa forta, mini bar i assecador de cabells.[\/vc_column_text][\/vc_column][vc_column width=&#8221;1\/3&#8243; css=&#8221;.vc_custom_1589902216156{background-color: #f3e3d3 !important;}&#8221;]\n        <div class=\"row\">\n            <div class=\"col-md-12 custom-header\">\n                <h3>Reserva Online<\/h3>\n                <h4>Des de 250\u20ac<\/h4>\n                \n            <\/div>\n            <div class=\"vertical-line\"><\/div>\n        <\/div>\n        [vc_empty_space][vc_btn title=&#8221;RESERVAR&#8221; style=&#8221;outline-custom&#8221; outline_custom_color=&#8221;#435654&#8243; outline_custom_hover_background=&#8221;#435654&#8243; outline_custom_hover_text=&#8221;#e1e1c6&#8243; shape=&#8221;square&#8221; size=&#8221;lg&#8221; align=&#8221;center&#8221; i_type=&#8221;openiconic&#8221; i_icon_openiconic=&#8221;vc-oi vc-oi-calendar&#8221; add_icon=&#8221;true&#8221; link=&#8221;url:https%3A%2F%2Fbooking.hotelgest.com%2Fv3%2F%3Fpcode%3D231%26lang%3Dca||target:%20_blank|&#8221;][\/vc_column][\/vc_row][vc_row][vc_column][vc_empty_space]\n        <div class=\"row\">\n            <div class=\"col-md-12 custom-header\">\n                <h3>Galeria<\/h3>\n                <h4><\/h4>\n                \n            <\/div>\n            <div class=\"vertical-line\"><\/div>\n        <\/div>\n        [vc_empty_space][vc_media_grid grid_id=&#8221;vc_gid:1691663083711-205fd63f-b5fc-10&#8243; include=&#8221;216,219,158&#8243;][vc_empty_space][\/vc_column][\/vc_row]<\/p>\n<\/div>","protected":false},"excerpt":{"rendered":"<p>[vc_row equal_height=&#8221;yes&#8221; content_placement=&#8221;middle&#8221;][vc_column width=&#8221;2\/3&#8243;][vc_single_image image=&#8221;216&#8243; img_size=&#8221;full&#8221;][vc_column_text] SUITE 4 Al segon pis, la suite n\u00famero 4 conserva l\u2019encant de les bigues de fusta del sostre original. \u00c9s una suite pensada per als que viatgen amb nens, ja que disposa de dos llits extres. \u00c9s una habitaci\u00f3 \u00e0mplia, confortable i amb vistes al mar. Aire condicionat. Bany &hellip; <a href=\"https:\/\/www.canmoradedalt.com\/ca\/habitacions\/suite-4\/\" class=\"more-link\">Continua llegint <span class=\"screen-reader-text\">\u00abSuite 4\u00bb<\/span><\/a><\/p>\n","protected":false},"author":1,"featured_media":241,"parent":373,"menu_order":0,"comment_status":"closed","ping_status":"closed","template":"","meta":{"footnotes":""},"class_list":["post-394","page","type-page","status-publish","has-post-thumbnail","hentry"],"_links":{"self":[{"href":"https:\/\/www.canmoradedalt.com\/ca\/wp-json\/wp\/v2\/pages\/394","targetHints":{"allow":["GET"]}}],"collection":[{"href":"https:\/\/www.canmoradedalt.com\/ca\/wp-json\/wp\/v2\/pages"}],"about":[{"href":"https:\/\/www.canmoradedalt.com\/ca\/wp-json\/wp\/v2\/types\/page"}],"author":[{"embeddable":true,"href":"https:\/\/www.canmoradedalt.com\/ca\/wp-json\/wp\/v2\/users\/1"}],"replies":[{"embeddable":true,"href":"https:\/\/www.canmoradedalt.com\/ca\/wp-json\/wp\/v2\/comments?post=394"}],"version-history":[{"count":4,"href":"https:\/\/www.canmoradedalt.com\/ca\/wp-json\/wp\/v2\/pages\/394\/revisions"}],"predecessor-version":[{"id":838,"href":"https:\/\/www.canmoradedalt.com\/ca\/wp-json\/wp\/v2\/pages\/394\/revisions\/838"}],"up":[{"embeddable":true,"href":"https:\/\/www.canmoradedalt.com\/ca\/wp-json\/wp\/v2\/pages\/373"}],"wp:featuredmedia":[{"embeddable":true,"href":"https:\/\/www.canmoradedalt.com\/ca\/wp-json\/wp\/v2\/media\/241"}],"wp:attachment":[{"href":"https:\/\/www.canmoradedalt.com\/ca\/wp-json\/wp\/v2\/media?parent=394"}],"curies":[{"name":"wp","href":"https:\/\/api.w.org\/{rel}","templated":true}]}}